{"id":6,"date":"2024-05-04T10:42:28","date_gmt":"2024-05-04T10:42:28","guid":{"rendered":"http:\/\/tnogaj.pl\/?page_id=6"},"modified":"2025-12-07T21:46:35","modified_gmt":"2025-12-07T21:46:35","slug":"nowe-muzeum-sztuki-nowoczesnej-otwarlo-swoje-powoje","status":"publish","type":"page","link":"https:\/\/tnogaj.pl\/","title":{"rendered":"Tobiasz Nogaj"},"content":{"rendered":"\n<p class=\"has-text-align-center\">tel. 720 975 116<br>e-mail tobiasz.nogaj@outlook.com<\/p>\n\n\n\n<div class=\"wp-block-group is-vertical is-content-justification-center is-layout-flex wp-container-core-group-is-layout-4b2eccd6 wp-block-group-is-layout-flex\">\n<ul class=\"wp-block-social-links is-content-justification-center is-layout-flex wp-container-core-social-links-is-layout-16018d1d wp-block-social-links-is-layout-flex\"><li class=\"wp-social-link wp-social-link-linkedin  wp-block-social-link\"><a href=\"https:\/\/www.linkedin.com\/in\/tobiasz-nogaj\" class=\"wp-block-social-link-anchor\"><svg width=\"24\" height=\"24\" viewBox=\"0 0 24 24\" version=\"1.1\" xmlns=\"http:\/\/www.w3.org\/2000\/svg\" aria-hidden=\"true\" focusable=\"false\"><path d=\"M19.7,3H4.3C3.582,3,3,3.582,3,4.3v15.4C3,20.418,3.582,21,4.3,21h15.4c0.718,0,1.3-0.582,1.3-1.3V4.3 C21,3.582,20.418,3,19.7,3z M8.339,18.338H5.667v-8.59h2.672V18.338z M7.004,8.574c-0.857,0-1.549-0.694-1.549-1.548 c0-0.855,0.691-1.548,1.549-1.548c0.854,0,1.547,0.694,1.547,1.548C8.551,7.881,7.858,8.574,7.004,8.574z M18.339,18.338h-2.669 v-4.177c0-0.996-0.017-2.278-1.387-2.278c-1.389,0-1.601,1.086-1.601,2.206v4.249h-2.667v-8.59h2.559v1.174h0.037 c0.356-0.675,1.227-1.387,2.526-1.387c2.703,0,3.203,1.779,3.203,4.092V18.338z\"><\/path><\/svg><span class=\"wp-block-social-link-label screen-reader-text\">LinkedIn<\/span><\/a><\/li><\/ul>\n<\/div>\n\n\n\n<p>Zajmuj\u0119 si\u0119 ksi\u0119gowo\u015bci\u0105 sp\u00f3\u0142ek i konfiguracj\u0105 system\u00f3w finansowo-ksi\u0119gowych (m.in. Comarch ERP Optima).<br>Mocno stawiam na usprawnianie proces\u00f3w &#8211; lubi\u0119, gdy rzeczy dzia\u0142aj\u0105 szybciej, czytelniej i pro\u015bciej.<\/p>\n\n\n\n<p>Po godzinach piel\u0119gnuj\u0119 spor\u0105 kolekcj\u0119 ro\u015blin domowych.<\/p>\n","protected":false},"excerpt":{"rendered":"<p>tel. 720 975 116e-mail tobiasz.nogaj@outlook.com Zajmuj\u0119 si\u0119 ksi\u0119gowo\u015bci\u0105 sp\u00f3\u0142ek i konfiguracj\u0105 system\u00f3w finansowo-ksi\u0119gowych (m.in. Comarch ERP Optima).Mocno stawiam na usprawnianie proces\u00f3w &#8211; lubi\u0119, gdy rzeczy dzia\u0142aj\u0105 szybciej, czytelniej i pro\u015bciej. Po godzinach piel\u0119gnuj\u0119 spor\u0105 kolekcj\u0119 ro\u015blin domowych.<\/p>\n","protected":false},"author":1,"featured_media":0,"parent":0,"menu_order":0,"comment_status":"closed","ping_status":"closed","template":"","meta":{"footnotes":""},"class_list":["post-6","page","type-page","status-publish","hentry"],"_links":{"self":[{"href":"https:\/\/tnogaj.pl\/index.php\/wp-json\/wp\/v2\/pages\/6","targetHints":{"allow":["GET"]}}],"collection":[{"href":"https:\/\/tnogaj.pl\/index.php\/wp-json\/wp\/v2\/pages"}],"about":[{"href":"https:\/\/tnogaj.pl\/index.php\/wp-json\/wp\/v2\/types\/page"}],"author":[{"embeddable":true,"href":"https:\/\/tnogaj.pl\/index.php\/wp-json\/wp\/v2\/users\/1"}],"replies":[{"embeddable":true,"href":"https:\/\/tnogaj.pl\/index.php\/wp-json\/wp\/v2\/comments?post=6"}],"version-history":[{"count":7,"href":"https:\/\/tnogaj.pl\/index.php\/wp-json\/wp\/v2\/pages\/6\/revisions"}],"predecessor-version":[{"id":27,"href":"https:\/\/tnogaj.pl\/index.php\/wp-json\/wp\/v2\/pages\/6\/revisions\/27"}],"wp:attachment":[{"href":"https:\/\/tnogaj.pl\/index.php\/wp-json\/wp\/v2\/media?parent=6"}],"curies":[{"name":"wp","href":"https:\/\/api.w.org\/{rel}","templated":true}]}}